{"id":1570,"date":"2018-02-28T14:55:56","date_gmt":"2018-02-28T14:55:56","guid":{"rendered":"https:\/\/prowess.qodeinteractive.com\/elementor\/?page_id=1570"},"modified":"2024-04-29T21:49:14","modified_gmt":"2024-04-29T19:49:14","slug":"about-us","status":"publish","type":"page","link":"https:\/\/fitness-sportlife.de\/index.php\/about-us\/","title":{"rendered":"\u00dcber mich"},"content":{"rendered":"\t\t<div data-elementor-type=\"wp-page\" data-elementor-id=\"1570\" class=\"elementor elementor-1570\">\n\t\t\t\t\t\t<section class=\"elementor-section elementor-top-section elementor-element elementor-element-df9f911 elementor-section-full_width qodef-elementor-row-grid-section elementor-section-height-default elementor-section-height-default qodef-parallax-row-no qodef-content-aligment-left qodef-disabled-bg-image-bellow-no\" data-id=\"df9f911\" data-element_type=\"section\" data-e-type=\"section\">\n\t\t\t\t\t\t<div class=\"elementor-container elementor-column-gap-default\">\n\t\t\t\t\t<div class=\"elementor-column elementor-col-25 elementor-top-column elementor-element elementor-element-da23fe1\" data-id=\"da23fe1\" data-element_type=\"column\" data-e-type=\"column\">\n\t\t\t<div class=\"elementor-widget-wrap elementor-element-populated\">\n\t\t\t\t\t\t<div class=\"elementor-element elementor-element-c5b8458 elementor-widget__width-inherit elementor-widget elementor-widget-qodef_icon_with_text\" data-id=\"c5b8458\" data-element_type=\"widget\" data-e-type=\"widget\" data-widget_type=\"qodef_icon_with_text.default\">\n\t\t\t\t<div class=\"elementor-widget-container\">\n\t\t\t\t\t<div class=\"qodef-iwt clearfix  qodef-iwt-icon-top qodef-iwt-icon-medium\">\n\t\t\t<a itemprop=\"url\" href=\"#\" target=\"_self\">\n\t\t<div class=\"qodef-iwt-icon\">\n\t\t\t\t\t<img decoding=\"async\" width=\"85\" height=\"85\" src=\"https:\/\/fitness-sportlife.de\/wp-content\/uploads\/2018\/02\/h1-custom-icon-img-1.png\" class=\"attachment-full size-full\" alt=\"v\" \/>\t\t\t<\/div>\n\t<div class=\"qodef-iwt-content\" >\n\t\t\t\t\t<h5 class=\"qodef-iwt-title\" style=\"margin-top: -25px\">\n\t\t\t\t<span class=\"qodef-iwt-title-text\">Jahrgang 1988<\/span>\n\t\t\t<\/h5>\n\t\t\t<\/div>\n\t\t\t<\/a>\n\t\t\n\t<div class=\"qodef-iwt-content qodef-iwt-content-bottom\" >\t\n\t\t\t<\/div>\n<\/div>\t\t\t\t<\/div>\n\t\t\t\t<\/div>\n\t\t\t\t<div class=\"elementor-element elementor-element-ab602d3 elementor-widget elementor-widget-text-editor\" data-id=\"ab602d3\" data-element_type=\"widget\" data-e-type=\"widget\" data-widget_type=\"text-editor.default\">\n\t\t\t\t<div class=\"elementor-widget-container\">\n\t\t\t\t\t\t\t\t\t<p style=\"text-align: center;\">Sportlich aktiv seit dem 12. Lebensjahr<\/p><p style=\"text-align: center;\">\u00a0Leidenschaftlicher Sportler<\/p>\t\t\t\t\t\t\t\t<\/div>\n\t\t\t\t<\/div>\n\t\t\t\t\t<\/div>\n\t\t<\/div>\n\t\t\t\t<div class=\"elementor-column elementor-col-25 elementor-top-column elementor-element elementor-element-8ec6e32\" data-id=\"8ec6e32\" data-element_type=\"column\" data-e-type=\"column\">\n\t\t\t<div class=\"elementor-widget-wrap elementor-element-populated\">\n\t\t\t\t\t\t<div class=\"elementor-element elementor-element-bdaf2fe elementor-widget__width-inherit elementor-widget elementor-widget-qodef_icon_with_text\" data-id=\"bdaf2fe\" data-element_type=\"widget\" data-e-type=\"widget\" data-widget_type=\"qodef_icon_with_text.default\">\n\t\t\t\t<div class=\"elementor-widget-container\">\n\t\t\t\t\t<div class=\"qodef-iwt clearfix  qodef-iwt-icon-top qodef-iwt-icon-medium\">\n\t\t\t<a itemprop=\"url\" href=\"#\" target=\"_self\">\n\t\t<div class=\"qodef-iwt-icon\">\n\t\t\t\t\t<img decoding=\"async\" width=\"85\" height=\"85\" src=\"https:\/\/fitness-sportlife.de\/wp-content\/uploads\/2018\/02\/h1-custom-icon-img-2.png\" class=\"attachment-full size-full\" alt=\"v\" \/>\t\t\t<\/div>\n\t<div class=\"qodef-iwt-content\" >\n\t\t\t\t\t<h5 class=\"qodef-iwt-title\" style=\"margin-top: -25px\">\n\t\t\t\t<span class=\"qodef-iwt-title-text\">Staatlich anerkannter Ern\u00e4hrungsberater<\/span>\n\t\t\t<\/h5>\n\t\t\t<\/div>\n\t\t\t<\/a>\n\t\t\n\t<div class=\"qodef-iwt-content qodef-iwt-content-bottom\" >\t\n\t\t\t<\/div>\n<\/div>\t\t\t\t<\/div>\n\t\t\t\t<\/div>\n\t\t\t\t<div class=\"elementor-element elementor-element-5c52e09 elementor-widget elementor-widget-text-editor\" data-id=\"5c52e09\" data-element_type=\"widget\" data-e-type=\"widget\" data-widget_type=\"text-editor.default\">\n\t\t\t\t<div class=\"elementor-widget-container\">\n\t\t\t\t\t\t\t\t\t<p style=\"text-align: center;\">Arbeit nach zwei Methoden:<\/p><p style=\"text-align: center;\">Ein Ern\u00e4hrungskonzept und <span style=\"color: var( --e-global-color-text ); font-family: var( --e-global-typography-text-font-family ), Sans-serif; font-weight: var( --e-global-typography-text-font-weight );\">individuelle Ern\u00e4hrungsberatung<\/span><\/p>\t\t\t\t\t\t\t\t<\/div>\n\t\t\t\t<\/div>\n\t\t\t\t\t<\/div>\n\t\t<\/div>\n\t\t\t\t<div class=\"elementor-column elementor-col-25 elementor-top-column elementor-element elementor-element-38195e1\" data-id=\"38195e1\" data-element_type=\"column\" data-e-type=\"column\">\n\t\t\t<div class=\"elementor-widget-wrap elementor-element-populated\">\n\t\t\t\t\t\t<div class=\"elementor-element elementor-element-f08b34e elementor-widget__width-inherit elementor-widget elementor-widget-qodef_icon_with_text\" data-id=\"f08b34e\" data-element_type=\"widget\" data-e-type=\"widget\" data-widget_type=\"qodef_icon_with_text.default\">\n\t\t\t\t<div class=\"elementor-widget-container\">\n\t\t\t\t\t<div class=\"qodef-iwt clearfix  qodef-iwt-icon-top qodef-iwt-icon-medium\">\n\t\t\t<a itemprop=\"url\" href=\"#\" target=\"_self\">\n\t\t<div class=\"qodef-iwt-icon\">\n\t\t\t\t\t<img decoding=\"async\" width=\"85\" height=\"85\" src=\"https:\/\/fitness-sportlife.de\/wp-content\/uploads\/2018\/02\/h1-custom-icon-img-3.png\" class=\"attachment-full size-full\" alt=\"v\" \/>\t\t\t<\/div>\n\t<div class=\"qodef-iwt-content\" >\n\t\t\t\t\t<h5 class=\"qodef-iwt-title\" style=\"margin-top: -25px\">\n\t\t\t\t<span class=\"qodef-iwt-title-text\">Trainer f\u00fcr Jumping Fitness A-Lizenz und B-Lizenz<\/span>\n\t\t\t<\/h5>\n\t\t\t<\/div>\n\t\t\t<\/a>\n\t\t\n\t<div class=\"qodef-iwt-content qodef-iwt-content-bottom\" >\t\n\t\t\t<\/div>\n<\/div>\t\t\t\t<\/div>\n\t\t\t\t<\/div>\n\t\t\t\t<div class=\"elementor-element elementor-element-03f5758 elementor-widget elementor-widget-text-editor\" data-id=\"03f5758\" data-element_type=\"widget\" data-e-type=\"widget\" data-widget_type=\"text-editor.default\">\n\t\t\t\t<div class=\"elementor-widget-container\">\n\t\t\t\t\t\t\t\t\t<p style=\"text-align: center;\">Sport auf dem Trampolin, bei dem jede einzelne Muskelpartie des K\u00f6rpers beansprucht wird<\/p>\t\t\t\t\t\t\t\t<\/div>\n\t\t\t\t<\/div>\n\t\t\t\t\t<\/div>\n\t\t<\/div>\n\t\t\t\t<div class=\"elementor-column elementor-col-25 elementor-top-column elementor-element elementor-element-b617c6f\" data-id=\"b617c6f\" data-element_type=\"column\" data-e-type=\"column\">\n\t\t\t<div class=\"elementor-widget-wrap elementor-element-populated\">\n\t\t\t\t\t\t<div class=\"elementor-element elementor-element-d8d1fb3 elementor-widget__width-inherit elementor-widget elementor-widget-qodef_icon_with_text\" data-id=\"d8d1fb3\" data-element_type=\"widget\" data-e-type=\"widget\" data-widget_type=\"qodef_icon_with_text.default\">\n\t\t\t\t<div class=\"elementor-widget-container\">\n\t\t\t\t\t<div class=\"qodef-iwt clearfix  qodef-iwt-icon-top qodef-iwt-icon-medium\">\n\t\t\t<a itemprop=\"url\" href=\"#\" target=\"_self\">\n\t\t<div class=\"qodef-iwt-icon\">\n\t\t\t\t\t<img loading=\"lazy\" decoding=\"async\" width=\"85\" height=\"85\" src=\"https:\/\/fitness-sportlife.de\/wp-content\/uploads\/2018\/02\/h1-custom-icon-img-4.png\" class=\"attachment-full size-full\" alt=\"v\" \/>\t\t\t<\/div>\n\t<div class=\"qodef-iwt-content\" >\n\t\t\t\t\t<h5 class=\"qodef-iwt-title\" style=\"margin-top: -25px\">\n\t\t\t\t<span class=\"qodef-iwt-title-text\">Trainer f\u00fcr Athletiktraining<\/span>\n\t\t\t<\/h5>\n\t\t\t<\/div>\n\t\t\t<\/a>\n\t\t\n\t<div class=\"qodef-iwt-content qodef-iwt-content-bottom\" >\t\n\t\t\t<\/div>\n<\/div>\t\t\t\t<\/div>\n\t\t\t\t<\/div>\n\t\t\t\t<div class=\"elementor-element elementor-element-f98c459 elementor-widget elementor-widget-text-editor\" data-id=\"f98c459\" data-element_type=\"widget\" data-e-type=\"widget\" data-widget_type=\"text-editor.default\">\n\t\t\t\t<div class=\"elementor-widget-container\">\n\t\t\t\t\t\t\t\t\t<p style=\"text-align: center;\">Individuelles Training, haupts\u00e4chlich Tabata, bei welchem jede Muskelgruppe beansprucht und trainiert werden kann<\/p>\t\t\t\t\t\t\t\t<\/div>\n\t\t\t\t<\/div>\n\t\t\t\t\t<\/div>\n\t\t<\/div>\n\t\t\t\t\t<\/div>\n\t\t<\/section>\n\t\t\t\t<section class=\"elementor-section elementor-top-section elementor-element elementor-element-3a575e6 elementor-section-full_width elementor-section-height-default elementor-section-height-default qodef-parallax-row-no qodef-content-aligment-left qodef-elementor-row-grid-no qodef-disabled-bg-image-bellow-no\" data-id=\"3a575e6\" data-element_type=\"section\" data-e-type=\"section\" data-settings=\"{&quot;background_background&quot;:&quot;classic&quot;}\">\n\t\t\t\t\t\t<div class=\"elementor-container elementor-column-gap-default\">\n\t\t\t\t\t<div class=\"elementor-column elementor-col-100 elementor-top-column elementor-element elementor-element-f497c79\" data-id=\"f497c79\" data-element_type=\"column\" data-e-type=\"column\">\n\t\t\t<div class=\"elementor-widget-wrap elementor-element-populated\">\n\t\t\t\t\t\t<div class=\"elementor-element elementor-element-f539907 elementor-widget elementor-widget-qodef_testimonials\" data-id=\"f539907\" data-element_type=\"widget\" data-e-type=\"widget\" data-widget_type=\"qodef_testimonials.default\">\n\t\t\t\t<div class=\"elementor-widget-container\">\n\t\t\t\t\t<div class=\"qodef-testimonials-holder clearfix qodef-testimonials-standard qodef-testimonials-light\">\n    <div class=\"qodef-testimonials qodef-owl-slider\" data-number-of-items=\"1\" data-enable-loop=\"yes\" data-enable-autoplay=\"yes\" data-slider-speed=\"5000\" data-slider-speed-animation=\"600\" data-enable-navigation=\"yes\" data-enable-pagination=\"no\" >\n\n    \n            <div class=\"qodef-testimonial-content\" id=\"qodef-testimonials-7500\">\n                <span class=\"qodef-testimonials-quote\"><\/span>\n                <div class=\"qodef-testimonial-text-holder\">\n                                                                <p class=\"qodef-testimonial-text\">Sport mache ich seit dem ich Kind bin. Mit den Thema Fitness und Ern\u00e4hrung besch\u00e4ftige ich mich seit vielen Jahren mittlerweile sehr Intensiv. Sodass ich mich letztendlich daf\u00fcr entschieden habe Trainer zu werden um mein Wissen an andere weiterzugeben.<\/p>\n                                                        <\/div>\n                            <\/div>\n    \n    <\/div>\n<\/div>\t\t\t\t<\/div>\n\t\t\t\t<\/div>\n\t\t\t\t\t<\/div>\n\t\t<\/div>\n\t\t\t\t\t<\/div>\n\t\t<\/section>\n\t\t\t\t<section class=\"elementor-section elementor-top-section elementor-element elementor-element-32ccd5c elementor-section-full_width elementor-section-height-default elementor-section-height-default qodef-parallax-row-no qodef-content-aligment-left qodef-elementor-row-grid-no qodef-disabled-bg-image-bellow-no\" data-id=\"32ccd5c\" data-element_type=\"section\" data-e-type=\"section\">\n\t\t\t\t\t\t<div class=\"elementor-container elementor-column-gap-default\">\n\t\t\t\t\t<div class=\"elementor-column elementor-col-50 elementor-top-column elementor-element elementor-element-06f6025\" data-id=\"06f6025\" data-element_type=\"column\" data-e-type=\"column\" data-settings=\"{&quot;background_background&quot;:&quot;classic&quot;}\">\n\t\t\t<div class=\"elementor-widget-wrap elementor-element-populated\">\n\t\t\t\t\t\t<section class=\"elementor-section elementor-inner-section elementor-element elementor-element-cf73466 elementor-section-full_width elementor-section-height-default elementor-section-height-default qodef-parallax-row-no qodef-content-aligment-left qodef-elementor-row-grid-no qodef-disabled-bg-image-bellow-no\" data-id=\"cf73466\" data-element_type=\"section\" data-e-type=\"section\">\n\t\t\t\t\t\t<div class=\"elementor-container elementor-column-gap-default\">\n\t\t\t\t\t<div class=\"elementor-column elementor-col-100 elementor-inner-column elementor-element elementor-element-8f5d0dc\" data-id=\"8f5d0dc\" data-element_type=\"column\" data-e-type=\"column\">\n\t\t\t<div class=\"elementor-widget-wrap elementor-element-populated\">\n\t\t\t\t\t\t<div class=\"elementor-element elementor-element-fbbb7d9 elementor-widget__width-initial elementor-widget-tablet__width-inherit elementor-widget elementor-widget-qodef_section_title\" data-id=\"fbbb7d9\" data-element_type=\"widget\" data-e-type=\"widget\" data-widget_type=\"qodef_section_title.default\">\n\t\t\t\t<div class=\"elementor-widget-container\">\n\t\t\t\t\t<div class=\"qodef-section-title-holder   \" >\n\t<div class=\"qodef-st-inner\">\n\t\t\t\t\t<h2 class=\"qodef-st-title\" style=\"color: #FFFFFF\">\n\t\t\t\tWerde mit meiner<br \/> Hilfe Fit\t\t\t<\/h2>\n\t\t                    <h4 class=\"qodef-st-title-number\" style=\"color: #3F3E42;font-size: 150px\">\n            01            <\/h4>\n        \t\t\t\t\t<p class=\"qodef-st-text\" style=\"color: #FFFFFF\">\n\t\t\t\tIch helfe Ihnen dabei, Ihre Ziele zu erreichen. Durch meine Ausbildung, meine Erfahrung und mein Mindset stelle ich mich auf Sie ein und begleitet Sie.\t\t\t<\/p>\n\t\t\t<\/div>\n<\/div>\t\t\t\t<\/div>\n\t\t\t\t<\/div>\n\t\t\t\t<div class=\"elementor-element elementor-element-8eb294e elementor-widget__width-initial elementor-widget elementor-widget-qodef_button\" data-id=\"8eb294e\" data-element_type=\"widget\" data-e-type=\"widget\" data-widget_type=\"qodef_button.default\">\n\t\t\t\t<div class=\"elementor-widget-container\">\n\t\t\t\t\t<a itemprop=\"url\" href=\"https:\/\/fitness-sportlife.de\/index.php\/contact-us\/\" target=\"_self\"  class=\"qodef-btn qodef-btn-small qodef-btn-solid qodef-btn-icon\"  >\n    <span class=\"qodef-btn-text\"><span class=\"qodef-btn-text-inner\">Nehmen Sie Kontak auf<\/span><\/span>\n    <span class=\"qodef-btn-text-inner qodef-btn-text-inner-icon\">\n    \t<i class=\"qodef-icon-ion-icon ion-arrow-right-c \" ><\/i>    \t<i class=\"qodef-icon-ion-icon ion-arrow-right-c \" ><\/i>\t\n    <\/span>\n<\/a>\t\t\t\t<\/div>\n\t\t\t\t<\/div>\n\t\t\t\t\t<\/div>\n\t\t<\/div>\n\t\t\t\t\t<\/div>\n\t\t<\/section>\n\t\t\t\t\t<\/div>\n\t\t<\/div>\n\t\t\t\t<div class=\"elementor-column elementor-col-50 elementor-top-column elementor-element elementor-element-f2a0130\" data-id=\"f2a0130\" data-element_type=\"column\" data-e-type=\"column\" data-settings=\"{&quot;background_background&quot;:&quot;classic&quot;}\">\n\t\t\t<div class=\"elementor-widget-wrap elementor-element-populated\">\n\t\t\t\t\t\t<div class=\"elementor-element elementor-element-ba0ed98 elementor-widget elementor-widget-qodef_progress_bar\" data-id=\"ba0ed98\" data-element_type=\"widget\" data-e-type=\"widget\" data-widget_type=\"qodef_progress_bar.default\">\n\t\t\t\t<div class=\"elementor-widget-container\">\n\t\t\t\t\t<div class=\"qodef-progress-bar \">\n\t<h6 class=\"qodef-pb-title-holder\" style=\"color: #FFFFFF\">\n\t\t<span class=\"qodef-pb-title\">Engagiert<\/span>\n        <span class=\"qodef-pb-percent-holder\">\n\t\t\t<span class=\"qodef-pb-percent\">00<\/span><span>%<\/span>\n\t\t<\/span>\n\t<\/h6>\n\t<div class=\"qodef-pb-content-holder\" >\n\t\t<div data-percentage=100 class=\"qodef-pb-content\" style=\"background-color: #F34E3A\"><\/div>\n\t<\/div>\n<\/div>\t\t\t\t<\/div>\n\t\t\t\t<\/div>\n\t\t\t\t<div class=\"elementor-element elementor-element-be16ebe elementor-widget elementor-widget-qodef_progress_bar\" data-id=\"be16ebe\" data-element_type=\"widget\" data-e-type=\"widget\" data-widget_type=\"qodef_progress_bar.default\">\n\t\t\t\t<div class=\"elementor-widget-container\">\n\t\t\t\t\t<div class=\"qodef-progress-bar \">\n\t<h6 class=\"qodef-pb-title-holder\" style=\"color: #FFFFFF\">\n\t\t<span class=\"qodef-pb-title\">F\u00fcr Sie da<\/span>\n        <span class=\"qodef-pb-percent-holder\">\n\t\t\t<span class=\"qodef-pb-percent\">00<\/span><span>%<\/span>\n\t\t<\/span>\n\t<\/h6>\n\t<div class=\"qodef-pb-content-holder\" >\n\t\t<div data-percentage=100 class=\"qodef-pb-content\" style=\"background-color: #F34E3A\"><\/div>\n\t<\/div>\n<\/div>\t\t\t\t<\/div>\n\t\t\t\t<\/div>\n\t\t\t\t<div class=\"elementor-element elementor-element-624818c elementor-widget elementor-widget-qodef_progress_bar\" data-id=\"624818c\" data-element_type=\"widget\" data-e-type=\"widget\" data-widget_type=\"qodef_progress_bar.default\">\n\t\t\t\t<div class=\"elementor-widget-container\">\n\t\t\t\t\t<div class=\"qodef-progress-bar \">\n\t<h6 class=\"qodef-pb-title-holder\" style=\"color: #FFFFFF\">\n\t\t<span class=\"qodef-pb-title\">Individuell<\/span>\n        <span class=\"qodef-pb-percent-holder\">\n\t\t\t<span class=\"qodef-pb-percent\">00<\/span><span>%<\/span>\n\t\t<\/span>\n\t<\/h6>\n\t<div class=\"qodef-pb-content-holder\" >\n\t\t<div data-percentage=100 class=\"qodef-pb-content\" style=\"background-color: #F34E3A\"><\/div>\n\t<\/div>\n<\/div>\t\t\t\t<\/div>\n\t\t\t\t<\/div>\n\t\t\t\t<div class=\"elementor-element elementor-element-d6c5761 elementor-widget elementor-widget-qodef_progress_bar\" data-id=\"d6c5761\" data-element_type=\"widget\" data-e-type=\"widget\" data-widget_type=\"qodef_progress_bar.default\">\n\t\t\t\t<div class=\"elementor-widget-container\">\n\t\t\t\t\t<div class=\"qodef-progress-bar \">\n\t<h6 class=\"qodef-pb-title-holder\" style=\"color: #FFFFFF\">\n\t\t<span class=\"qodef-pb-title\">Entschlossen<\/span>\n        <span class=\"qodef-pb-percent-holder\">\n\t\t\t<span class=\"qodef-pb-percent\">00<\/span><span>%<\/span>\n\t\t<\/span>\n\t<\/h6>\n\t<div class=\"qodef-pb-content-holder\" >\n\t\t<div data-percentage=100 class=\"qodef-pb-content\" style=\"background-color: #F34E3A\"><\/div>\n\t<\/div>\n<\/div>\t\t\t\t<\/div>\n\t\t\t\t<\/div>\n\t\t\t\t\t<\/div>\n\t\t<\/div>\n\t\t\t\t\t<\/div>\n\t\t<\/section>\n\t\t\t\t<section class=\"elementor-section elementor-top-section elementor-element elementor-element-b33bb80 elementor-section-full_width qodef-elementor-row-grid-section elementor-section-height-default elementor-section-height-default qodef-parallax-row-no qodef-content-aligment-left qodef-disabled-bg-image-bellow-no\" data-id=\"b33bb80\" data-element_type=\"section\" data-e-type=\"section\" data-settings=\"{&quot;background_background&quot;:&quot;classic&quot;}\">\n\t\t\t\t\t\t<div class=\"elementor-container elementor-column-gap-default\">\n\t\t\t\t\t<div class=\"elementor-column elementor-col-100 elementor-top-column elementor-element elementor-element-7eee0a2\" data-id=\"7eee0a2\" data-element_type=\"column\" data-e-type=\"column\">\n\t\t\t<div class=\"elementor-widget-wrap elementor-element-populated\">\n\t\t\t\t\t\t<div class=\"elementor-element elementor-element-71419f7 elementor-widget__width-initial elementor-widget-tablet__width-inherit elementor-widget elementor-widget-qodef_section_title\" data-id=\"71419f7\" data-element_type=\"widget\" data-e-type=\"widget\" data-widget_type=\"qodef_section_title.default\">\n\t\t\t\t<div class=\"elementor-widget-container\">\n\t\t\t\t\t<div class=\"qodef-section-title-holder   \" >\n\t<div class=\"qodef-st-inner\">\n\t\t\t\t\t<h2 class=\"qodef-st-title\" >\n\t\t\t\tMachen Sie das beste aus Ihrer gesundheit!\t\t\t<\/h2>\n\t\t        \t\t\t<\/div>\n<\/div>\t\t\t\t<\/div>\n\t\t\t\t<\/div>\n\t\t\t\t\t<\/div>\n\t\t<\/div>\n\t\t\t\t\t<\/div>\n\t\t<\/section>\n\t\t\t\t<\/div>\n\t\t","protected":false},"excerpt":{"rendered":"<p>Jahrgang 1988 Sportlich aktiv seit dem 12. Lebensjahr \u00a0Leidenschaftlicher Sportler Staatlich anerkannter Ern\u00e4hrungsberater Arbeit nach zwei Methoden: Ein Ern\u00e4hrungskonzept und individuelle Ern\u00e4hrungsberatung Trainer f\u00fcr Jumping Fitness A-Lizenz und B-Lizenz Sport auf dem Trampolin, bei dem jede einzelne Muskelpartie des K\u00f6rpers beansprucht wird Trainer f\u00fcr Athletiktraining Individuelles Training, haupts\u00e4chlich Tabata, bei welchem jede Muskelgruppe beansprucht und trainiert werden kann Sport mache ich seit dem ich Kind bin. Mit den Thema Fitness und Ern\u00e4hrung besch\u00e4ftige ich mich seit vielen Jahren mittlerweile sehr Intensiv. Sodass ich mich letztendlich daf\u00fcr entschieden habe Trainer zu [&hellip;]<\/p>\n","protected":false},"author":1,"featured_media":0,"parent":0,"menu_order":0,"comment_status":"closed","ping_status":"closed","template":"full-width.php","meta":{"footnotes":""},"class_list":["post-1570","page","type-page","status-publish","hentry"],"_links":{"self":[{"href":"https:\/\/fitness-sportlife.de\/index.php\/wp-json\/wp\/v2\/pages\/1570","targetHints":{"allow":["GET"]}}],"collection":[{"href":"https:\/\/fitness-sportlife.de\/index.php\/wp-json\/wp\/v2\/pages"}],"about":[{"href":"https:\/\/fitness-sportlife.de\/index.php\/wp-json\/wp\/v2\/types\/page"}],"author":[{"embeddable":true,"href":"https:\/\/fitness-sportlife.de\/index.php\/wp-json\/wp\/v2\/users\/1"}],"replies":[{"embeddable":true,"href":"https:\/\/fitness-sportlife.de\/index.php\/wp-json\/wp\/v2\/comments?post=1570"}],"version-history":[{"count":73,"href":"https:\/\/fitness-sportlife.de\/index.php\/wp-json\/wp\/v2\/pages\/1570\/revisions"}],"predecessor-version":[{"id":8315,"href":"https:\/\/fitness-sportlife.de\/index.php\/wp-json\/wp\/v2\/pages\/1570\/revisions\/8315"}],"wp:attachment":[{"href":"https:\/\/fitness-sportlife.de\/index.php\/wp-json\/wp\/v2\/media?parent=1570"}],"curies":[{"name":"wp","href":"https:\/\/api.w.org\/{rel}","templated":true}]}}